{"id":6,"date":"2024-10-31T18:40:32","date_gmt":"2024-10-31T18:40:32","guid":{"rendered":"https:\/\/www.bleuetinfo.com\/?page_id=6"},"modified":"2026-04-30T14:04:27","modified_gmt":"2026-04-30T19:04:27","slug":"readaptation","status":"publish","type":"page","link":"https:\/\/www.bleuetinfo.com\/?page_id=6","title":{"rendered":"R\u00e9adaptation"},"content":{"rendered":"\n<div class=\"wp-block-group alignfull has-global-padding is-layout-constrained wp-container-core-group-is-layout-490fa1db wp-block-group-is-layout-constrained\" style=\"padding-top:var(--wp--preset--spacing--50);padding-right:var(--wp--preset--spacing--50);padding-bottom:var(--wp--preset--spacing--50);padding-left:var(--wp--preset--spacing--50)\">\n<div class=\"wp-block-group has-global-padding is-layout-constrained wp-container-core-group-is-layout-650790e1 wp-block-group-is-layout-constrained\">\n<h1 class=\"wp-block-heading has-text-align-center has-x-large-font-size\">Des solutions technologiques pour les besoins en r\u00e9adaptation.<\/h1>\n\n\n\n<p class=\"has-text-align-center\"><\/p>\n<\/div>\n\n\n\n<div style=\"height:var(--wp--preset--spacing--30)\" aria-hidden=\"true\" class=\"wp-block-spacer\"><\/div>\n\n\n\n<figure class=\"wp-block-image alignwide size-full is-style-rounded\"><img loading=\"lazy\" decoding=\"async\" width=\"1008\" height=\"756\" src=\"https:\/\/www.bleuetinfo.com\/wp-content\/uploads\/2024\/10\/IMG_1393.jpg\" alt=\"\" class=\"wp-image-9\" srcset=\"https:\/\/www.bleuetinfo.com\/wp-content\/uploads\/2024\/10\/IMG_1393.jpg 1008w, https:\/\/www.bleuetinfo.com\/wp-content\/uploads\/2024\/10\/IMG_1393-300x225.jpg 300w, https:\/\/www.bleuetinfo.com\/wp-content\/uploads\/2024\/10\/IMG_1393-768x576.jpg 768w\" sizes=\"auto, (max-width: 1008px) 100vw, 1008px\" \/><\/figure>\n\n\n\n<h2 class=\"wp-block-heading has-text-align-center is-style-asterisk\"><\/h2>\n<\/div>\n\n\n\n<h2 class=\"wp-block-heading\">Services<\/h2>\n\n\n\n<p>Bleuet info offre des service de consultation, installation, configuration et soutient d&rsquo;\u00e9quipements technologiques.<\/p>\n\n\n\n<p>Contr\u00f4le d&rsquo;environnement:<\/p>\n\n\n\n<ul class=\"wp-block-list\">\n<li>Stores motoris\u00e9s.<\/li>\n\n\n\n<li>Lumi\u00e8res et prises \u00e9lectriques intelligentes.<\/li>\n\n\n\n<li>Contr\u00f4le des appareils audio-video.<\/li>\n\n\n\n<li>Contr\u00f4le de syst\u00e8me de chauffage.<\/li>\n\n\n\n<li>Ouverture de porte et sonnette.<\/li>\n<\/ul>\n\n\n\n<p>Acc\u00e8s par appareil intelligents:<\/p>\n\n\n\n<ul class=\"wp-block-list\">\n<li>Amazon Alexa.<\/li>\n\n\n\n<li>Google Home.<\/li>\n\n\n\n<li>Apple Siri.<\/li>\n<\/ul>\n\n\n\n<p>Acc\u00e8s \u00e9lectronique divers:<\/p>\n\n\n\n<ul class=\"wp-block-list\">\n<li>Relais \/Contacts sec adapt\u00e9s.<\/li>\n\n\n\n<li>Raspberry Pi\/Arduino.<\/li>\n\n\n\n<li>Adaptations \u00e9lectroniques diverses.<\/li>\n\n\n\n<li>Impression 3D en plastique PLA, PEG, ABS, PAHT-CF, ASA, TPU.<\/li>\n<\/ul>\n\n\n\n<p><\/p>\n\n\n\n<h2 class=\"wp-block-heading\">Produits<\/h2>\n\n\n\n<p><a href=\"https:\/\/www.bleuetinfo.com\/wp-content\/uploads\/2024\/11\/Cloche-USB-Prospectus.pdf\" data-type=\"page\" data-id=\"12\">Cloche d&rsquo;appel USB<\/a><\/p>\n\n\n\n<p><a href=\"https:\/\/www.bleuetinfo.com\/wp-content\/uploads\/2024\/12\/Telecommande-Helix-adaptee-prospectus.pdf\">T\u00e9l\u00e9commande&nbsp;H\u00e9lix&nbsp;adapt\u00e9e<\/a><\/p>\n\n\n\n<p><a href=\"http:\/\/www.bleuetinfo.com\/wp-content\/uploads\/2026\/04\/Montage-FingerBot-Chamberlain-LiftMaster-prospectus.pdf\">Montage pour FingerBot et ouvre-porte de garage Chamberlain\/LiftMaster<\/a><\/p>\n\n\n\n<p><\/p>\n","protected":false},"excerpt":{"rendered":"<p>Des solutions technologiques pour les besoins en r\u00e9adaptation. Services Bleuet info offre des service de consultation, installation, configuration et soutient d&rsquo;\u00e9quipements technologiques. Contr\u00f4le d&rsquo;environnement: Acc\u00e8s par appareil intelligents: Acc\u00e8s \u00e9lectronique divers: Produits Cloche d&rsquo;appel USB T\u00e9l\u00e9commande&nbsp;H\u00e9lix&nbsp;adapt\u00e9e Montage pour FingerBot et ouvre-porte de garage Chamberlain\/LiftMaster<\/p>\n","protected":false},"author":1,"featured_media":0,"parent":0,"menu_order":0,"comment_status":"closed","ping_status":"closed","template":"","meta":{"footnotes":""},"class_list":["post-6","page","type-page","status-publish","hentry"],"_links":{"self":[{"href":"https:\/\/www.bleuetinfo.com\/index.php?rest_route=\/wp\/v2\/pages\/6","targetHints":{"allow":["GET"]}}],"collection":[{"href":"https:\/\/www.bleuetinfo.com\/index.php?rest_route=\/wp\/v2\/pages"}],"about":[{"href":"https:\/\/www.bleuetinfo.com\/index.php?rest_route=\/wp\/v2\/types\/page"}],"author":[{"embeddable":true,"href":"https:\/\/www.bleuetinfo.com\/index.php?rest_route=\/wp\/v2\/users\/1"}],"replies":[{"embeddable":true,"href":"https:\/\/www.bleuetinfo.com\/index.php?rest_route=%2Fwp%2Fv2%2Fcomments&post=6"}],"version-history":[{"count":12,"href":"https:\/\/www.bleuetinfo.com\/index.php?rest_route=\/wp\/v2\/pages\/6\/revisions"}],"predecessor-version":[{"id":104,"href":"https:\/\/www.bleuetinfo.com\/index.php?rest_route=\/wp\/v2\/pages\/6\/revisions\/104"}],"wp:attachment":[{"href":"https:\/\/www.bleuetinfo.com\/index.php?rest_route=%2Fwp%2Fv2%2Fmedia&parent=6"}],"curies":[{"name":"wp","href":"https:\/\/api.w.org\/{rel}","templated":true}]}}